{"id":29,"date":"2018-10-23T09:45:37","date_gmt":"2018-10-23T09:45:37","guid":{"rendered":"http:\/\/konradmagi.ee\/?page_id=29"},"modified":"2026-03-24T08:22:07","modified_gmt":"2026-03-24T08:22:07","slug":"esileht","status":"publish","type":"page","link":"https:\/\/konradmagi.ee\/et\/","title":{"rendered":"Esileht"},"content":{"rendered":"<p>Konrad M\u00e4gi Sihtasutus on loodud 2018. aastal ning selle eesm\u00e4rgiks on Eesti kunstiajaloo olulisima maalikunstniku Konrad M\u00e4gi elu, loomingu ja p\u00e4randi avalikes huvides tutvustamine ja j\u00e4\u00e4dvustamine Eestis ja v\u00e4lismaal. Selle nimel edendab ning toetab sihtasutus uurimistegevust ja n\u00e4ituste korraldamist, publikatsioonide v\u00e4ljaandmist, organiseerib Konrad M\u00e4gi kadunud teoste otsimist, korraldab Konrad M\u00e4gi elu ja loomingulise p\u00e4randiga seotud erinevaid tegevusi.<\/p>\n<p><strong>Konrad M\u00e4gi Sihtasutus<\/strong><br \/>\ninfo@konradmagi.ee<br \/>\nMasina tn 11, Tallinn 10 113, Harjumaa<br \/>\nEesti<\/p>\n","protected":false},"excerpt":{"rendered":"<p>Konrad M\u00e4gi Sihtasutus on loodud 2018. aastal ning selle eesm\u00e4rgiks on Eesti kunstiajaloo olulisima maalikunstniku Konrad M\u00e4gi elu, loomingu ja p\u00e4randi avalikes huvides tutvustamine ja j\u00e4\u00e4dvustamine Eestis ja v\u00e4lismaal. Selle nimel edendab ning toetab sihtasutus uurimistegevust ja n\u00e4ituste korraldamist, publikatsioonide v\u00e4ljaandmist, organiseerib Konrad M\u00e4gi kadunud teoste otsimist, korraldab Konrad M\u00e4gi elu ja loomingulise p\u00e4randiga seotud&#8230;  <a class=\"excerpt-read-more\" href=\"https:\/\/konradmagi.ee\/et\/\" title=\"Read Esileht\">Read more &raquo;<\/a><\/p>\n","protected":false},"author":1,"featured_media":0,"parent":0,"menu_order":7,"comment_status":"closed","ping_status":"closed","template":"page-templates\/page-home.php","meta":{"inline_featured_image":false,"ngg_post_thumbnail":0},"categories":[],"acf":[],"_links":{"self":[{"href":"https:\/\/konradmagi.ee\/et\/wp-json\/wp\/v2\/pages\/29"}],"collection":[{"href":"https:\/\/konradmagi.ee\/et\/wp-json\/wp\/v2\/pages"}],"about":[{"href":"https:\/\/konradmagi.ee\/et\/wp-json\/wp\/v2\/types\/page"}],"author":[{"embeddable":true,"href":"https:\/\/konradmagi.ee\/et\/wp-json\/wp\/v2\/users\/1"}],"replies":[{"embeddable":true,"href":"https:\/\/konradmagi.ee\/et\/wp-json\/wp\/v2\/comments?post=29"}],"version-history":[{"count":18,"href":"https:\/\/konradmagi.ee\/et\/wp-json\/wp\/v2\/pages\/29\/revisions"}],"predecessor-version":[{"id":5247,"href":"https:\/\/konradmagi.ee\/et\/wp-json\/wp\/v2\/pages\/29\/revisions\/5247"}],"wp:attachment":[{"href":"https:\/\/konradmagi.ee\/et\/wp-json\/wp\/v2\/media?parent=29"}],"wp:term":[{"taxonomy":"category","embeddable":true,"href":"https:\/\/konradmagi.ee\/et\/wp-json\/wp\/v2\/categories?post=29"}],"curies":[{"name":"wp","href":"https:\/\/api.w.org\/{rel}","templated":true}]}}